{"id":126,"date":"2017-08-13T07:20:00","date_gmt":"2017-08-13T07:20:00","guid":{"rendered":"http:\/\/demo.acmethemes.com\/medical-circle\/?page_id=94"},"modified":"2022-07-15T10:27:13","modified_gmt":"2022-07-15T13:27:13","slug":"how-to-book-for-appointment","status":"publish","type":"page","link":"https:\/\/promedcardcaetanos.com.br\/site\/how-to-book-for-appointment\/","title":{"rendered":"Quais os meios\/formas de pagamento?"},"content":{"rendered":"<p>\u00c0 mensalidade poder\u00e1 ser efetuada atrav\u00e9s de: boleto banc\u00e1rio, pix, cheque, cart\u00e3o ou em uns dos nossos estabelecimentos <strong>PROMEDCARD PLANO DE ASSIST\u00caNCIA FAMILIAR LTDA<\/strong>.<\/p>\n","protected":false},"excerpt":{"rendered":"<p>\u00c0 mensalidade poder\u00e1 ser efetuada atrav\u00e9s de: boleto banc\u00e1rio, pix, cheque, cart\u00e3o ou em uns dos nossos estabelecimentos PROMEDCARD PLANO DE ASSIST\u00caNCIA FAMILIAR LTDA.<\/p>\n","protected":false},"author":1,"featured_media":585,"parent":0,"menu_order":0,"comment_status":"closed","ping_status":"closed","template":"","meta":[],"_links":{"self":[{"href":"https:\/\/promedcardcaetanos.com.br\/site\/wp-json\/wp\/v2\/pages\/126"}],"collection":[{"href":"https:\/\/promedcardcaetanos.com.br\/site\/wp-json\/wp\/v2\/pages"}],"about":[{"href":"https:\/\/promedcardcaetanos.com.br\/site\/wp-json\/wp\/v2\/types\/page"}],"author":[{"embeddable":true,"href":"https:\/\/promedcardcaetanos.com.br\/site\/wp-json\/wp\/v2\/users\/1"}],"replies":[{"embeddable":true,"href":"https:\/\/promedcardcaetanos.com.br\/site\/wp-json\/wp\/v2\/comments?post=126"}],"version-history":[{"count":3,"href":"https:\/\/promedcardcaetanos.com.br\/site\/wp-json\/wp\/v2\/pages\/126\/revisions"}],"predecessor-version":[{"id":678,"href":"https:\/\/promedcardcaetanos.com.br\/site\/wp-json\/wp\/v2\/pages\/126\/revisions\/678"}],"wp:featuredmedia":[{"embeddable":true,"href":"https:\/\/promedcardcaetanos.com.br\/site\/wp-json\/wp\/v2\/media\/585"}],"wp:attachment":[{"href":"https:\/\/promedcardcaetanos.com.br\/site\/wp-json\/wp\/v2\/media?parent=126"}],"curies":[{"name":"wp","href":"https:\/\/api.w.org\/{rel}","templated":true}]}}